{"id":523,"date":"2025-03-29T10:09:33","date_gmt":"2025-03-29T09:09:33","guid":{"rendered":"https:\/\/justy.bald-fertig.de\/beispiel-seite\/"},"modified":"2026-04-14T07:01:41","modified_gmt":"2026-04-14T05:01:41","slug":"beispiel-seite","status":"publish","type":"page","link":"https:\/\/justy.bald-fertig.de\/ls\/","title":{"rendered":"Startseite"},"content":{"rendered":"<h1>Kinderrechte und Beschwerde f\u00fcr die Jugendhilfe<\/h1>\n<div>Justy erkl\u00e4rt Kinderrechte, zeigt Wege zur Beschwerde und unterst\u00fctzt Einrichtungen.<\/div>\n<p><p>\n        <a href=\"#\">Entdecke Justy<\/a>\n    <\/p>\n<\/p>\n<ul>\n<li>\n<p>        <img decoding=\"async\" src=\"\/wp-content\/uploads\/2026\/03\/appstore.png\" alt=\"\"><\/p>\n<h3>Appstore<\/h3>\n<\/li>\n<li>\n<p>        <img decoding=\"async\" src=\"\/wp-content\/uploads\/2026\/03\/playstore.png\" alt=\"\"><\/p>\n<h3>Playstore<\/h3>\n<\/li>\n<\/ul>\n<p><img decoding=\"async\" src=\"\/wp-content\/uploads\/2026\/03\/justy_mobile_mockup2.png\" alt=\"\"><br \/>\n<img decoding=\"async\" src=\"\/wp-content\/uploads\/2026\/03\/justy-mock1.png\" alt=\"\"><\/p>\n<div>\n<h2>Du wirst ernst genommen!<\/h2>\n<p>Justy entdecken<\/p>\n<div>Kinderrechte verstehen, Beschwerdewege kennenlernen und Unterst\u00fctzung f\u00fcr Einrichtungen in der Jugendhilfe finden \u2013 mit App, Materialien und Praxisinformationen.<\/div>\n<p><a href=\"#\"><\/a><\/p>\n<\/div>\n<ul>\n<li>\n<h3>Kinderrechte<\/h3>\n<div>Kinderrechte entdecken: Einf\u00fchrung, Kinderrechtekatalog, Lexikon von A\u2013Z sowie Videos und Quiz zum Mitmachen.<\/div>\n<p><a href=\"https:\/\/justy.bald-fertig.de\/ls\/kinderrechte\/\">mehr Infos<\/a><\/p>\n<\/li>\n<li>\n<h3>Beschwerde<\/h3>\n<div>Beschwerden ernst nehmen: Partizipation st\u00e4rken mit Informationen, Beschwerde-Navigator und FAQ zu Ablauf, Kontakt und Unterst\u00fctzung.<\/div>\n<p><a href=\"https:\/\/justy.bald-fertig.de\/ls\/beschwerde\/\">mehr Infos<\/a><\/p>\n<\/li>\n<li>\n<h3>F\u00fcr Einrichtungen\/ Fachkr\u00e4fte<\/h3>\n<div>Projektinformationen, Beteiligte sowie Materialien und Downloads \u2013 \u00fcbersichtlich aufbereitet mit Einblicken in Entwicklung, Pilotphase und Evaluation.<\/div>\n<p><a href=\"https:\/\/justy.bald-fertig.de\/ls\/einrichtungen-fachkraefte\/\">mehr Infos<\/a><\/p>\n<\/li>\n<li>\n<h3>\u00dcber die App<\/h3>\n<div>Projektinformationen, Beteiligte sowie Materialien und Downloads \u2013 \u00fcbersichtlich aufbereitet mit Einblicken in Entwicklung, Pilotphase und Evaluation.<\/div>\n<p><a href=\"https:\/\/justy.bald-fertig.de\/ls\/app\/\">mehr Infos<\/a><\/p>\n<\/li>\n<\/ul>\n<h2>Das sagen die Fachkr\u00e4fte<\/h2>\n<ul>\n<li>\n<p>        <img decoding=\"async\" src=\"\/wp-content\/uploads\/panel-slider-dotnav-center-slidenav-outside-01.jpg\" alt=\"\"><\/p>\n<div>Carolin Kowalski<\/div>\n<p>Tageshaus D\u00fcsseldorf e.V.<\/p>\n<div>\u201cLorem ipsum dolor sit amet, consectetuer adipisci enean commodo ligula eget dolor. Nullam dictum felis eu pede mollis pretium.\u201d<\/div>\n<\/li>\n<li>\n<p>        <img decoding=\"async\" src=\"\/wp-content\/uploads\/panel-slider-dotnav-center-slidenav-outside-02.jpg\" alt=\"\"><\/p>\n<div>Johannes Schmitz<\/div>\n<p>Leiter, Essen<\/p>\n<div>\u201cEtiam ultricies nisi vel augue. Curabitur ullamcorper ultricies nisi. Nam eget dutiam rhoncus. Maecenas tempus, tellus eget condimentum.\u201d<\/div>\n<\/li>\n<li>\n<p>        <img decoding=\"async\" src=\"\/wp-content\/uploads\/panel-slider-dotnav-center-slidenav-outside-03.jpg\" alt=\"\"><\/p>\n<div>Julie Fr\u00f6hlich-Sauer<\/div>\n<p>Fachkraft in Duisburg<\/p>\n<div>\u201cDuis aute irure dolor in reprehenderit<br class=\"uk-visible@s\"> in voluptate velit esse cillum dolore eu fugiat nulla pariatur.&#8221;<\/div>\n<\/li>\n<\/ul>\n<p><!--more--><br \/>\n<!-- {\"type\":\"layout\",\"children\":[{\"name\":\"Hero\",\"type\":\"section\",\"props\":{\"animation\":\"slide-left-medium\",\"animation_delay\":false,\"class\":\"herosec\",\"header_transparent\":true,\"header_transparent_noplaceholder\":true,\"height\":\"viewport\",\"height_viewport_offset\":true,\"image_height\":400,\"image_loading\":false,\"image_position\":\"bottom-center\",\"media_focal_point\":\"bottom-center\",\"style\":\"default\",\"title_breakpoint\":\"xl\",\"title_position\":\"top-left\",\"title_rotation\":\"left\",\"vertical_align\":\"middle\",\"width\":\"default\"},\"children\":[{\"type\":\"row\",\"props\":{\"column_gap\":\"large\",\"layout\":\"1-2,1-2\",\"row_gap\":\"large\"},\"children\":[{\"type\":\"column\",\"props\":{\"image_position\":\"center-center\",\"position_sticky_breakpoint\":\"m\",\"vertical_align\":\"middle\",\"width_medium\":\"1-2\",\"width_small\":\"1-2\"},\"children\":[{\"type\":\"headline\",\"props\":{\"block_align\":\"center\",\"content\":\"Kinderrechte und Beschwerde f\u00fcr die Jugendhilfe\",\"image_align\":\"left\",\"image_margin\":\"xsmall\",\"maxwidth\":\"xlarge\",\"text_align\":\"left\",\"text_align_breakpoint\":\"m\",\"text_align_fallback\":\"center\",\"title_element\":\"h1\"}},{\"type\":\"text\",\"props\":{\"block_align_breakpoint\":\"m\",\"block_align_fallback\":\"center\",\"column_breakpoint\":\"m\",\"content\":\"Justy erkl\u00e4rt Kinderrechte, zeigt Wege zur Beschwerde und unterst\u00fctzt Einrichtungen.\",\"margin_bottom\":\"default\",\"margin_top\":\"default\",\"maxwidth\":\"xlarge\",\"text_align\":\"left\",\"text_align_breakpoint\":\"m\",\"text_align_fallback\":\"center\"}},{\"type\":\"button\",\"props\":{\"grid_column_gap\":\"small\",\"grid_row_gap\":\"small\",\"margin_bottom\":\"default\",\"margin_top\":\"large\",\"text_align\":\"left\",\"text_align_breakpoint\":\"m\",\"text_align_fallback\":\"center\"},\"children\":[{\"type\":\"button_item\",\"props\":{\"button_style\":\"secondary\",\"content\":\"Entdecke Justy\",\"dialog_layout\":\"modal\",\"dialog_offcanvas_flip\":true,\"icon_align\":\"left\",\"link\":\"#\",\"link_title\":\"Explore\"}}]},{\"type\":\"grid\",\"props\":{\"block_align_fallback\":\"center\",\"class\":\"mobile-centered\",\"content_column_breakpoint\":\"m\",\"css\":\"@media all and (min-width: 645px) {\\n.el-element {\\n    display: inline-flex;\\n}\\n}\\n.el-image {\\n    max-height: 38px;\\n}\",\"filter_align\":\"left\",\"filter_all\":true,\"filter_grid_breakpoint\":\"m\",\"filter_grid_width\":\"auto\",\"filter_position\":\"top\",\"filter_style\":\"tab\",\"grid_column_align\":true,\"grid_column_gap\":\"collapse\",\"grid_default\":\"2\",\"grid_divider\":false,\"grid_medium\":\"\",\"grid_row_align\":true,\"grid_row_gap\":\"small\",\"image_align\":\"top\",\"image_grid_breakpoint\":\"m\",\"image_grid_width\":\"1-2\",\"image_height\":40,\"image_svg_color\":\"emphasis\",\"item_animation\":true,\"lightbox_bg_close\":true,\"link_download\":false,\"link_style\":\"default\",\"link_target\":true,\"link_text\":\"\",\"margin_bottom\":\"default\",\"margin_top\":\"default\",\"maxwidth\":\"medium\",\"meta_align\":\"below-title\",\"meta_element\":\"div\",\"meta_style\":\"text-meta\",\"show_content\":true,\"show_hover_image\":true,\"show_hover_video\":true,\"show_image\":true,\"show_link\":true,\"show_meta\":true,\"show_title\":false,\"show_video\":true,\"text_align\":\"left\",\"text_align_breakpoint\":\"m\",\"text_align_fallback\":\"center\",\"title_align\":\"top\",\"title_element\":\"h3\",\"title_grid_breakpoint\":\"m\",\"title_grid_width\":\"1-2\",\"title_hover_style\":\"reset\"},\"children\":[{\"type\":\"grid_item\",\"props\":{\"image\":\"wp-content\/uploads\/2026\/03\/appstore.png\",\"title\":\"Appstore\"}},{\"type\":\"grid_item\",\"props\":{\"image\":\"wp-content\/uploads\/2026\/03\/playstore.png\",\"title\":\"Playstore\"}}],\"name\":\"Appstore-Buttons\"}]},{\"type\":\"column\",\"props\":{\"image_position\":\"center-center\",\"position_sticky_breakpoint\":\"m\",\"vertical_align\":\"middle\",\"width_medium\":\"1-2\",\"width_small\":\"1-2\"},\"children\":[{\"type\":\"image\",\"props\":{\"animation\":\"slide-right\",\"image\":\"wp-content\/uploads\/2026\/03\/justy_mobile_mockup2.png\",\"image_height\":500,\"image_loading\":true,\"image_svg_color\":\"emphasis\",\"margin_bottom\":\"default\",\"margin_top\":\"default\",\"text_align\":\"center\"}}]}]}]},{\"name\":\"Services\",\"type\":\"section\",\"props\":{\"animation\":\"slide-left-medium\",\"image_position\":\"center-center\",\"image_size\":\"cover\",\"padding_bottom\":\"large\",\"padding_top\":\"large\",\"style\":\"muted\",\"title_breakpoint\":\"xl\",\"title_position\":\"top-left\",\"title_rotation\":\"left\",\"vertical_align\":\"\",\"width\":\"default\"},\"children\":[{\"type\":\"row\",\"props\":{\"column_gap\":\"large\",\"layout\":\"large,expand\",\"row_gap\":\"large\"},\"children\":[{\"type\":\"column\",\"props\":{\"image_position\":\"center-center\",\"position_sticky\":\"row\",\"position_sticky_breakpoint\":\"m\",\"position_sticky_offset\":\"200\",\"width_large\":\"xlarge\",\"width_medium\":\"large\",\"width_small\":\"1-2\"},\"children\":[{\"type\":\"image\",\"props\":{\"image\":\"wp-content\/uploads\/2026\/03\/justy-mock1.png\",\"image_svg_color\":\"emphasis\",\"margin_bottom\":\"default\",\"margin_top\":\"default\"}}]},{\"type\":\"column\",\"props\":{\"image_position\":\"center-center\",\"position_sticky_breakpoint\":\"m\",\"vertical_align\":\"middle\",\"width_medium\":\"expand\",\"width_small\":\"1-2\"},\"children\":[{\"type\":\"panel\",\"props\":{\"class\":\"blob-panel green\",\"content\":\"Kinderrechte verstehen, Beschwerdewege kennenlernen und Unterst\u00fctzung f\u00fcr Einrichtungen in der Jugendhilfe finden \u2013 mit App, Materialien und Praxisinformationen.\",\"content_column_breakpoint\":\"m\",\"image_align\":\"top\",\"image_grid_breakpoint\":\"m\",\"image_grid_width\":\"1-2\",\"image_svg_color\":\"emphasis\",\"link\":\"#\",\"link_margin\":\"large\",\"link_style\":\"text\",\"link_target\":false,\"link_text\":\"\",\"margin_bottom\":\"default\",\"margin_top\":\"default\",\"meta\":\"Justy entdecken\",\"meta_align\":\"above-title\",\"meta_color\":\"primary\",\"meta_element\":\"div\",\"meta_style\":\"h6\",\"panel_padding\":\"large\",\"panel_style\":\"card-default\",\"text_align\":\"left\",\"title\":\"Du wirst ernst genommen!\",\"title_align\":\"top\",\"title_element\":\"h2\",\"title_grid_breakpoint\":\"m\",\"title_grid_width\":\"1-2\",\"title_hover_style\":\"reset\",\"title_style\":\"h1\"}},{\"type\":\"grid\",\"props\":{\"class\":\"themen-grid\",\"content_column_breakpoint\":\"m\",\"content_margin_auto\":true,\"filter_align\":\"left\",\"filter_all\":true,\"filter_grid_breakpoint\":\"m\",\"filter_grid_width\":\"auto\",\"filter_position\":\"top\",\"filter_style\":\"tab\",\"grid_column_gap\":\"small\",\"grid_default\":\"1\",\"grid_medium\":\"\",\"grid_parallax_justify\":false,\"grid_row_gap\":\"small\",\"grid_small\":\"2\",\"image_align\":\"top\",\"image_expand\":false,\"image_grid_breakpoint\":\"m\",\"image_grid_width\":\"1-2\",\"image_svg_animate\":true,\"image_svg_color\":\"muted\",\"image_svg_inline\":true,\"item_animation\":true,\"lightbox_bg_close\":true,\"link_fullwidth\":false,\"link_size\":\"small\",\"link_style\":\"text\",\"link_text\":\"mehr Infos\",\"margin_bottom\":\"medium\",\"margin_top\":\"medium\",\"meta_align\":\"below-title\",\"meta_element\":\"div\",\"meta_style\":\"text-meta\",\"panel_link\":true,\"panel_padding\":\"small\",\"panel_style\":\"card-hover\",\"parallax_easing\":\"1\",\"show_content\":true,\"show_hover_image\":true,\"show_hover_video\":true,\"show_image\":true,\"show_link\":true,\"show_meta\":true,\"show_title\":true,\"show_video\":true,\"text_align\":\"left\",\"title_align\":\"top\",\"title_element\":\"h3\",\"title_grid_breakpoint\":\"m\",\"title_grid_width\":\"1-2\",\"title_hover_style\":\"reset\",\"title_style\":\"h4\"},\"children\":[{\"type\":\"grid_item\",\"props\":{\"class\":\"gruen\",\"content\":\"Kinderrechte entdecken: Einf\u00fchrung, Kinderrechtekatalog, Lexikon von A\u2013Z sowie Videos und Quiz zum Mitmachen.\",\"image\":\"\",\"link\":\"kinderrechte\/\",\"title\":\"Kinderrechte\"}},{\"type\":\"grid_item\",\"props\":{\"class\":\"rot\",\"content\":\"Beschwerden ernst nehmen: Partizipation st\u00e4rken mit Informationen, Beschwerde-Navigator und FAQ zu Ablauf, Kontakt und Unterst\u00fctzung.\",\"image\":\"\",\"link\":\"beschwerde\/\",\"title\":\"Beschwerde\"}},{\"type\":\"grid_item\",\"props\":{\"class\":\"blau\",\"content\":\"Projektinformationen, Beteiligte sowie Materialien und Downloads \u2013 \u00fcbersichtlich aufbereitet mit Einblicken in Entwicklung, Pilotphase und Evaluation.\",\"image\":\"\",\"link\":\"einrichtungen-fachkraefte\/\",\"title\":\"F\u00fcr Einrichtungen\/ Fachkr\u00e4fte\"}},{\"type\":\"grid_item\",\"props\":{\"class\":\"gelb\",\"content\":\"Projektinformationen, Beteiligte sowie Materialien und Downloads \u2013 \u00fcbersichtlich aufbereitet mit Einblicken in Entwicklung, Pilotphase und Evaluation.\",\"image\":\"\",\"link\":\"app\/\",\"title\":\"\u00dcber die App\"}}]}]}]}]},{\"type\":\"section\",\"props\":{\"image_position\":\"center-center\",\"style\":\"default\",\"title_breakpoint\":\"xl\",\"title_position\":\"top-left\",\"title_rotation\":\"left\",\"vertical_align\":\"middle\",\"width\":\"default\"},\"children\":[{\"type\":\"row\",\"children\":[{\"type\":\"column\",\"props\":{\"image_position\":\"center-center\",\"position_sticky_breakpoint\":\"m\"},\"children\":[{\"type\":\"headline\",\"props\":{\"content\":\"Das sagen die Fachkr\u00e4fte\",\"image_align\":\"left\",\"image_margin\":\"xsmall\",\"text_align\":\"center\",\"title_element\":\"h2\"}},{\"name\":\"Panel Slider Dotnav Center\",\"type\":\"panel-slider\",\"children\":[{\"type\":\"panel-slider_item\",\"props\":{\"content\":\"\u201cLorem ipsum dolor sit amet, consectetuer adipisci enean commodo ligula eget dolor. Nullam dictum felis eu pede mollis pretium.\u201d\",\"image\":\"wp-content\/uploads\/panel-slider-dotnav-center-slidenav-outside-01.jpg\",\"meta\":\"Tageshaus D\u00fcsseldorf e.V.\",\"title\":\"Carolin Kowalski\"}},{\"type\":\"panel-slider_item\",\"props\":{\"content\":\"\u201cEtiam ultricies nisi vel augue. Curabitur ullamcorper ultricies nisi. Nam eget dutiam rhoncus. Maecenas tempus, tellus eget condimentum.\u201d\",\"image\":\"wp-content\/uploads\/panel-slider-dotnav-center-slidenav-outside-02.jpg\",\"meta\":\"Leiter, Essen\",\"title\":\"Johannes Schmitz\"}},{\"type\":\"panel-slider_item\",\"props\":{\"content\":\"\u201cDuis aute irure dolor in reprehenderit<br class=\\\"uk-visible@s\\\"> in voluptate velit esse cillum dolore eu fugiat nulla pariatur.\\\"\",\"image\":\"wp-content\/uploads\/panel-slider-dotnav-center-slidenav-outside-03.jpg\",\"meta\":\"Fachkraft in Duisburg\",\"title\":\"Julie Fr\u00f6hlich-Sauer\"}}],\"props\":{\"block_align\":\"center\",\"container_padding_remove\":true,\"content_column_breakpoint\":\"m\",\"content_margin\":\"medium\",\"content_style\":\"h4\",\"image_align\":\"top\",\"image_border\":\"circle\",\"image_grid_breakpoint\":\"m\",\"image_grid_width\":\"1-2\",\"image_height\":\"110\",\"image_link\":true,\"image_svg_color\":\"emphasis\",\"image_width\":\"110\",\"link_margin\":\"large\",\"link_style\":\"text\",\"link_text\":\"Read More\",\"margin_bottom\":\"xlarge\",\"margin_top\":\"xlarge\",\"maxwidth\":\"large\",\"meta_align\":\"below-title\",\"meta_element\":\"div\",\"meta_margin\":\"remove\",\"meta_style\":\"text-meta\",\"nav\":\"dotnav\",\"nav_align\":\"center\",\"nav_breakpoint\":\"\",\"nav_margin\":\"large\",\"panel_card_offset\":true,\"panel_image_no_padding\":true,\"panel_link\":false,\"panel_match\":true,\"show_content\":true,\"show_hover_image\":true,\"show_hover_video\":true,\"show_image\":true,\"show_link\":true,\"show_meta\":true,\"show_title\":true,\"show_video\":true,\"slidenav\":\"\",\"slidenav_breakpoint\":\"m\",\"slidenav_margin\":\"medium\",\"slidenav_outside_breakpoint\":\"m\",\"slider_autoplay\":true,\"slider_autoplay_interval\":\"5\",\"slider_autoplay_pause\":false,\"slider_center\":false,\"slider_gap\":\"large\",\"slider_sets\":true,\"slider_width\":\"fixed\",\"slider_width_default\":\"1-1\",\"slider_width_medium\":\"\",\"text_align\":\"center\",\"title_align\":\"top\",\"title_element\":\"div\",\"title_grid_breakpoint\":\"m\",\"title_grid_width\":\"1-2\",\"title_hover_style\":\"reset\",\"title_link\":true,\"title_style\":\"h5\"}}]}]}]}],\"version\":\"5.0.28\"} --><\/p>\n","protected":false},"excerpt":{"rendered":"<p>Kinderrechte und Beschwerde f\u00fcr die Jugendhilfe Justy erkl\u00e4rt Kinderrechte, zeigt Wege zur Beschwerde und unterst\u00fctzt Einrichtungen. Entdecke Justy Appstore Playstore Du wirst ernst genommen! Justy entdecken Kinderrechte verstehen, Beschwerdewege kennenlernen und Unterst\u00fctzung f\u00fcr Einrichtungen in der Jugendhilfe finden \u2013 mit App, Materialien und Praxisinformationen. Kinderrechte Kinderrechte entdecken: Einf\u00fchrung, Kinderrechtekatalog, Lexikon von A\u2013Z sowie Videos und [&hellip;]<\/p>\n","protected":false},"author":1,"featured_media":0,"parent":0,"menu_order":0,"comment_status":"closed","ping_status":"closed","template":"","meta":{"_acf_changed":false,"footnotes":""},"class_list":["post-523","page","type-page","status-publish","hentry"],"acf":[],"_links":{"self":[{"href":"https:\/\/justy.bald-fertig.de\/ls\/wp-json\/wp\/v2\/pages\/523","targetHints":{"allow":["GET"]}}],"collection":[{"href":"https:\/\/justy.bald-fertig.de\/ls\/wp-json\/wp\/v2\/pages"}],"about":[{"href":"https:\/\/justy.bald-fertig.de\/ls\/wp-json\/wp\/v2\/types\/page"}],"author":[{"embeddable":true,"href":"https:\/\/justy.bald-fertig.de\/ls\/wp-json\/wp\/v2\/users\/1"}],"replies":[{"embeddable":true,"href":"https:\/\/justy.bald-fertig.de\/ls\/wp-json\/wp\/v2\/comments?post=523"}],"version-history":[{"count":16,"href":"https:\/\/justy.bald-fertig.de\/ls\/wp-json\/wp\/v2\/pages\/523\/revisions"}],"predecessor-version":[{"id":715,"href":"https:\/\/justy.bald-fertig.de\/ls\/wp-json\/wp\/v2\/pages\/523\/revisions\/715"}],"wp:attachment":[{"href":"https:\/\/justy.bald-fertig.de\/ls\/wp-json\/wp\/v2\/media?parent=523"}],"curies":[{"name":"wp","href":"https:\/\/api.w.org\/{rel}","templated":true}]}}